{"id":2614,"date":"2026-04-23T09:00:44","date_gmt":"2026-04-23T06:00:44","guid":{"rendered":"https:\/\/sushisakura.lt\/alytus\/apie-mus\/"},"modified":"2026-04-23T09:00:44","modified_gmt":"2026-04-23T06:00:44","slug":"about-us","status":"publish","type":"page","link":"https:\/\/sushisakura.lt\/en\/alytus\/about-us\/","title":{"rendered":"About us"},"content":{"rendered":"\t\t<div data-elementor-type=\"wp-page\" data-elementor-id=\"2614\" class=\"elementor elementor-2614 elementor-2607\">\n\t\t\t\t<div class=\"elementor-element elementor-element-227d6d51 e-flex e-con-boxed e-con e-parent\" data-id=\"227d6d51\" data-element_type=\"container\" data-e-type=\"container\" data-settings=\"{&quot;background_background&quot;:&quot;classic&quot;}\">\n\t\t\t\t\t<div class=\"e-con-inner\">\n\t\t\t\t<div class=\"elementor-element elementor-element-23f7399 elementor-widget elementor-widget-heading\" data-id=\"23f7399\" data-element_type=\"widget\" data-e-type=\"widget\" data-widget_type=\"heading.default\">\n\t\t\t\t<div class=\"elementor-widget-container\">\n\t\t\t\t\t<h1 class=\"elementor-heading-title elementor-size-default\">About us<\/h1>\t\t\t\t<\/div>\n\t\t\t\t<\/div>\n\t\t\t\t\t<\/div>\n\t\t\t\t<\/div>\n\t\t<div class=\"elementor-element elementor-element-6b308c8 e-flex e-con-boxed e-con e-parent\" data-id=\"6b308c8\" data-element_type=\"container\" data-e-type=\"container\">\n\t\t\t\t\t<div class=\"e-con-inner\">\n\t\t\t\t<div class=\"elementor-element elementor-element-0ee13d3 elementor-widget elementor-widget-text-editor\" data-id=\"0ee13d3\" data-element_type=\"widget\" data-e-type=\"widget\" data-widget_type=\"text-editor.default\">\n\t\t\t\t<div class=\"elementor-widget-container\">\n\t\t\t\t\t\t\t\t\t<p>Jonavoje, Vasario 16-osios g. 1, duris atv\u0117r\u0117 nauja vieta \u2013 Sakura Sushi! \u0160is naujai atsidar\u0119s japoni\u0161kos virtuv\u0117s restoranas kvie\u010dia visus sushi\u0173 m\u0117g\u0117jus i\u0161bandyti unikalius ir dar nepatirtus skonius. Sakura Sushi puikiai atspindi Japonijos kulinarin\u0119 \u012fvairov\u0119, o meniu yra kaip keliautojo pasas \u2013 galite keliauti per skirting\u0173 skoni\u0173 patyrimus. \u2708\ufe0f<\/p><p>\u010cia rasite tradicinius su\u0161ius, kurie suteiks jums galimyb\u0119 i\u0161bandyti autenti\u0161k\u0105 japoni\u0161k\u0105 patirt\u012f, bei \u012fdomesnius, dar neragautus skonius. Kvie\u010diame Jus leistis \u012f \u0161\u012f skonio kelion\u0117s nuotyk\u012f ir atrasti naujas patirtis! \ud83c\udf59<\/p><p>Sakura Sushi \u2013 tai ne tik maisto, bet ir kult\u016bros restoranas, kur\u012f tikrai verta i\u0161bandyti! \ud83c\udf38<\/p>\t\t\t\t\t\t\t\t<\/div>\n\t\t\t\t<\/div>\n\t\t\t\t\t<\/div>\n\t\t\t\t<\/div>\n\t\t\t\t<\/div>\n\t\t","protected":false},"excerpt":{"rendered":"<p>About us Jonavoje, Vasario 16-osios g. 1, duris atv\u0117r\u0117 nauja vieta \u2013 Sakura Sushi! \u0160is naujai atsidar\u0119s japoni\u0161kos virtuv\u0117s restoranas kvie\u010dia visus sushi\u0173 m\u0117g\u0117jus i\u0161bandyti unikalius ir dar nepatirtus skonius. Sakura Sushi puikiai atspindi Japonijos kulinarin\u0119 \u012fvairov\u0119, o meniu yra kaip keliautojo pasas \u2013 galite keliauti per skirting\u0173 skoni\u0173 patyrimus. \u2708\ufe0f \u010cia rasite tradicinius su\u0161ius, [&hellip;]<\/p>\n","protected":false},"author":1,"featured_media":0,"parent":2613,"menu_order":0,"comment_status":"closed","ping_status":"closed","template":"","meta":{"footnotes":""},"class_list":["post-2614","page","type-page","status-publish","hentry"],"blocksy_meta":{"page_title_panel":"","has_hero_section":"disabled","8a608d2ce367fe9d811971fe44609466":"","hero_section":"type-1","hero_elements":[{"id":"custom_title","enabled":true,"heading_tag":"h1","title":"Home"},{"id":"custom_description","enabled":true,"description_visibility":{"desktop":true,"tablet":true,"mobile":false}},{"id":"custom_meta","enabled":false,"meta_elements":[{"id":"author","enabled":true,"label":"By","has_author_avatar":"yes","avatar_size":25},{"id":"post_date","enabled":true,"label":"On","date_format_source":"default","date_format":"M j, Y"},{"id":"updated_date","enabled":false,"label":"On","date_format_source":"default","date_format":"M j, Y"},{"id":"categories","enabled":false,"label":"In","style":"simple"},{"id":"comments","enabled":true}],"page_meta_elements":{"joined":true,"articles_count":true,"comments":true}},{"id":"breadcrumbs","enabled":false}],"96004ba6d96f1c694e78018e518e16a4":"","hero_alignment1":"CT_CSS_SKIP_RULE","hero_margin":40,"hero_alignment2":"center","hero_vertical_alignment":"center","954fdfcf225eb6201486fcae2ff624bd":"","hero_structure":"narrow","73c906bb9680ab50eb080c26b1874ab9":"","page_title_bg_type":"featured_image","custom_hero_background":{"attachment_id":null},"page_title_image_size":"full","parallax":{"desktop":false,"tablet":false,"mobile":false},"35c3b59b5c9cbabd16152a78a108ffaf":"","hero_height":"250px","pageTitleFont":{"family":"Default","variation":"Default","size":"30px","line-height":"CT_CSS_SKIP_RULE","letter-spacing":"CT_CSS_SKIP_RULE","text-transform":"CT_CSS_SKIP_RULE","text-decoration":"CT_CSS_SKIP_RULE"},"pageTitleFontColor":{"default":{"color":"CT_CSS_SKIP_RULEDEFAULT"}},"pageMetaFont":{"family":"Default","variation":"n6","size":"12px","line-height":"1.3","letter-spacing":"CT_CSS_SKIP_RULE","text-transform":"uppercase","text-decoration":"CT_CSS_SKIP_RULE"},"pageMetaFontColor":{"default":{"color":"CT_CSS_SKIP_RULEDEFAULT"},"hover":{"color":"CT_CSS_SKIP_RULEDEFAULT"}},"page_meta_button_type_font_colors":{"default":{"color":"CT_CSS_SKIP_RULEDEFAULT"},"hover":{"color":"CT_CSS_SKIP_RULEDEFAULT"}},"page_meta_button_type_background_colors":{"default":{"color":"CT_CSS_SKIP_RULEDEFAULT"},"hover":{"color":"CT_CSS_SKIP_RULEDEFAULT"}},"pageExcerptFont":{"family":"Default","variation":"Default","size":"CT_CSS_SKIP_RULE","line-height":"CT_CSS_SKIP_RULE","letter-spacing":"CT_CSS_SKIP_RULE","text-transform":"CT_CSS_SKIP_RULE","text-decoration":"CT_CSS_SKIP_RULE"},"pageExcerptColor":{"default":{"color":"CT_CSS_SKIP_RULEDEFAULT"}},"breadcrumbsFont":{"family":"Default","variation":"Default","size":"CT_CSS_SKIP_RULE","line-height":"CT_CSS_SKIP_RULE","letter-spacing":"CT_CSS_SKIP_RULE","text-transform":"CT_CSS_SKIP_RULE","text-decoration":"CT_CSS_SKIP_RULE"},"breadcrumbsFontColor":{"default":{"color":"CT_CSS_SKIP_RULEDEFAULT"},"initial":{"color":"CT_CSS_SKIP_RULEDEFAULT"},"hover":{"color":"CT_CSS_SKIP_RULEDEFAULT"}},"pageTitleOverlay":{"background_type":"color","background_pattern":"type-1","background_image":{"attachment_id":null,"x":0,"y":0},"gradient":"linear-gradient(135deg,rgba(6,147,227,1) 0%,rgb(155,81,224) 100%)","background_repeat":"repeat","background_size":"auto","background_attachment":"scroll","patternColor":{"default":{"color":"#e5e7ea"}},"overlayColor":{"default":{"color":"CT_CSS_SKIP_RULE"}},"backgroundColor":{"default":{"color":"CT_CSS_SKIP_RULE"}}},"pageTitleBackground":{"background_type":"color","background_pattern":"type-1","background_image":{"attachment_id":null,"x":0,"y":0},"gradient":"linear-gradient(135deg,rgba(6,147,227,1) 0%,rgb(155,81,224) 100%)","background_repeat":"repeat","background_size":"auto","background_attachment":"scroll","patternColor":{"default":{"color":"#e5e7ea"}},"overlayColor":{"default":{"color":"CT_CSS_SKIP_RULE"}},"backgroundColor":{"default":{"color":"var(--theme-palette-color-6)"}}},"pageTitlePadding":{"top":"50px","bottom":"50px","left":"auto","right":"auto","linked":true},"e98905844e9464c4296cb10ee82cc4c6":"","page_structure_type":"default","bf312acd49fc1dbe9763196c4388e3ad":"","content_style_source":"inherit","content_style":"wide","vertical_spacing_source":"custom","content_area_spacing":"none","background":{"background_type":"color","background_pattern":"type-1","background_image":{"attachment_id":null,"x":0,"y":0},"gradient":"linear-gradient(135deg,rgba(6,147,227,1) 0%,rgb(155,81,224) 100%)","background_repeat":"repeat","background_size":"auto","background_attachment":"scroll","patternColor":{"default":{"color":"#e5e7ea"}},"overlayColor":{"default":{"color":"CT_CSS_SKIP_RULE"}},"backgroundColor":{"default":{"color":"CT_CSS_SKIP_RULE"}}},"content_background":{"background_type":"color","background_pattern":"type-1","background_image":{"attachment_id":null,"x":0,"y":0},"gradient":"linear-gradient(135deg,rgba(6,147,227,1) 0%,rgb(155,81,224) 100%)","background_repeat":"repeat","background_size":"auto","background_attachment":"scroll","patternColor":{"default":{"color":"#e5e7ea"}},"overlayColor":{"default":{"color":"CT_CSS_SKIP_RULE"}},"backgroundColor":{"default":{"color":"var(--theme-palette-color-8)"}}},"content_boxed_shadow":{"inherit":false,"blur":18,"spread":-6,"v_offset":12,"h_offset":0,"inset":false,"enable":true,"color":{"color":"rgba(34, 56, 101, 0.04)"}},"content_boxed_border":{"width":1,"style":"none","color":{"color":"rgba(44,62,80,0.2)"}},"content_boxed_radius":{"top":"3px","bottom":"3px","left":"3px","right":"3px","linked":true},"boxed_content_spacing":{"desktop":{"top":"40px","bottom":"40px","left":"40px","right":"40px","linked":true},"tablet":{"top":"35px","bottom":"35px","left":"35px","right":"35px","linked":true},"mobile":{"top":"20px","bottom":"20px","left":"20px","right":"20px","linked":true}},"e38c533ec187e40a1a8aca4b283f3617":"","disable_featured_image":"no","disable_share_box":"no","disable_header":"no","disable_footer":"no","styles_descriptor":{"styles":{"desktop":"","tablet":"","mobile":""},"google_fonts":[],"version":6}},"yoast_head":"<!-- This site is optimized with the Yoast SEO plugin v27.4 - https:\/\/yoast.com\/product\/yoast-seo-wordpress\/ -->\n<title>About us - Sakura Sushi<\/title>\n<meta name=\"robots\" content=\"index, follow, max-snippet:-1, max-image-preview:large, max-video-preview:-1\" \/>\n<link rel=\"canonical\" href=\"https:\/\/sushisakura.lt\/en\/alytus\/about-us\/\" \/>\n<meta property=\"og:locale\" content=\"en_US\" \/>\n<meta property=\"og:type\" content=\"article\" \/>\n<meta property=\"og:title\" content=\"About us - Sakura Sushi\" \/>\n<meta property=\"og:description\" content=\"About us Jonavoje, Vasario 16-osios g. 1, duris atv\u0117r\u0117 nauja vieta \u2013 Sakura Sushi! \u0160is naujai atsidar\u0119s japoni\u0161kos virtuv\u0117s restoranas kvie\u010dia visus sushi\u0173 m\u0117g\u0117jus i\u0161bandyti unikalius ir dar nepatirtus skonius. Sakura Sushi puikiai atspindi Japonijos kulinarin\u0119 \u012fvairov\u0119, o meniu yra kaip keliautojo pasas \u2013 galite keliauti per skirting\u0173 skoni\u0173 patyrimus. \u2708\ufe0f \u010cia rasite tradicinius su\u0161ius, [&hellip;]\" \/>\n<meta property=\"og:url\" content=\"https:\/\/sushisakura.lt\/en\/alytus\/about-us\/\" \/>\n<meta property=\"og:site_name\" content=\"Sakura Sushi\" \/>\n<meta name=\"twitter:card\" content=\"summary_large_image\" \/>\n<meta name=\"twitter:label1\" content=\"Est. reading time\" \/>\n\t<meta name=\"twitter:data1\" content=\"1 minute\" \/>\n<script type=\"application\/ld+json\" class=\"yoast-schema-graph\">{\"@context\":\"https:\\\/\\\/schema.org\",\"@graph\":[{\"@type\":\"WebPage\",\"@id\":\"https:\\\/\\\/sushisakura.lt\\\/en\\\/alytus\\\/about-us\\\/\",\"url\":\"https:\\\/\\\/sushisakura.lt\\\/en\\\/alytus\\\/about-us\\\/\",\"name\":\"About us - Sakura Sushi\",\"isPartOf\":{\"@id\":\"https:\\\/\\\/sushisakura.lt\\\/#website\"},\"datePublished\":\"2026-04-23T06:00:44+00:00\",\"breadcrumb\":{\"@id\":\"https:\\\/\\\/sushisakura.lt\\\/en\\\/alytus\\\/about-us\\\/#breadcrumb\"},\"inLanguage\":\"en-US\",\"potentialAction\":[{\"@type\":\"ReadAction\",\"target\":[\"https:\\\/\\\/sushisakura.lt\\\/en\\\/alytus\\\/about-us\\\/\"]}]},{\"@type\":\"BreadcrumbList\",\"@id\":\"https:\\\/\\\/sushisakura.lt\\\/en\\\/alytus\\\/about-us\\\/#breadcrumb\",\"itemListElement\":[{\"@type\":\"ListItem\",\"position\":1,\"name\":\"Home\",\"item\":\"https:\\\/\\\/sushisakura.lt\\\/en\\\/\"},{\"@type\":\"ListItem\",\"position\":2,\"name\":\"Sushi Sakura Alytus\",\"item\":\"https:\\\/\\\/sushisakura.lt\\\/en\\\/alytus\\\/\"},{\"@type\":\"ListItem\",\"position\":3,\"name\":\"About us\"}]},{\"@type\":\"WebSite\",\"@id\":\"https:\\\/\\\/sushisakura.lt\\\/#website\",\"url\":\"https:\\\/\\\/sushisakura.lt\\\/\",\"name\":\"Sakura Sushi\",\"description\":\"Japoni\u0161kos virtuv\u0117s restoranas\",\"publisher\":{\"@id\":\"https:\\\/\\\/sushisakura.lt\\\/#organization\"},\"potentialAction\":[{\"@type\":\"SearchAction\",\"target\":{\"@type\":\"EntryPoint\",\"urlTemplate\":\"https:\\\/\\\/sushisakura.lt\\\/?s={search_term_string}\"},\"query-input\":{\"@type\":\"PropertyValueSpecification\",\"valueRequired\":true,\"valueName\":\"search_term_string\"}}],\"inLanguage\":\"en-US\"},{\"@type\":\"Organization\",\"@id\":\"https:\\\/\\\/sushisakura.lt\\\/#organization\",\"name\":\"Sakura Sushi\",\"url\":\"https:\\\/\\\/sushisakura.lt\\\/\",\"logo\":{\"@type\":\"ImageObject\",\"inLanguage\":\"en-US\",\"@id\":\"https:\\\/\\\/sushisakura.lt\\\/#\\\/schema\\\/logo\\\/image\\\/\",\"url\":\"https:\\\/\\\/sushisakura.lt\\\/wp-content\\\/uploads\\\/2026\\\/04\\\/logo.png\",\"contentUrl\":\"https:\\\/\\\/sushisakura.lt\\\/wp-content\\\/uploads\\\/2026\\\/04\\\/logo.png\",\"width\":1341,\"height\":447,\"caption\":\"Sakura Sushi\"},\"image\":{\"@id\":\"https:\\\/\\\/sushisakura.lt\\\/#\\\/schema\\\/logo\\\/image\\\/\"}}]}<\/script>\n<!-- \/ Yoast SEO plugin. -->","yoast_head_json":{"title":"About us - Sakura Sushi","robots":{"index":"index","follow":"follow","max-snippet":"max-snippet:-1","max-image-preview":"max-image-preview:large","max-video-preview":"max-video-preview:-1"},"canonical":"https:\/\/sushisakura.lt\/en\/alytus\/about-us\/","og_locale":"en_US","og_type":"article","og_title":"About us - Sakura Sushi","og_description":"About us Jonavoje, Vasario 16-osios g. 1, duris atv\u0117r\u0117 nauja vieta \u2013 Sakura Sushi! \u0160is naujai atsidar\u0119s japoni\u0161kos virtuv\u0117s restoranas kvie\u010dia visus sushi\u0173 m\u0117g\u0117jus i\u0161bandyti unikalius ir dar nepatirtus skonius. Sakura Sushi puikiai atspindi Japonijos kulinarin\u0119 \u012fvairov\u0119, o meniu yra kaip keliautojo pasas \u2013 galite keliauti per skirting\u0173 skoni\u0173 patyrimus. \u2708\ufe0f \u010cia rasite tradicinius su\u0161ius, [&hellip;]","og_url":"https:\/\/sushisakura.lt\/en\/alytus\/about-us\/","og_site_name":"Sakura Sushi","twitter_card":"summary_large_image","twitter_misc":{"Est. reading time":"1 minute"},"schema":{"@context":"https:\/\/schema.org","@graph":[{"@type":"WebPage","@id":"https:\/\/sushisakura.lt\/en\/alytus\/about-us\/","url":"https:\/\/sushisakura.lt\/en\/alytus\/about-us\/","name":"About us - Sakura Sushi","isPartOf":{"@id":"https:\/\/sushisakura.lt\/#website"},"datePublished":"2026-04-23T06:00:44+00:00","breadcrumb":{"@id":"https:\/\/sushisakura.lt\/en\/alytus\/about-us\/#breadcrumb"},"inLanguage":"en-US","potentialAction":[{"@type":"ReadAction","target":["https:\/\/sushisakura.lt\/en\/alytus\/about-us\/"]}]},{"@type":"BreadcrumbList","@id":"https:\/\/sushisakura.lt\/en\/alytus\/about-us\/#breadcrumb","itemListElement":[{"@type":"ListItem","position":1,"name":"Home","item":"https:\/\/sushisakura.lt\/en\/"},{"@type":"ListItem","position":2,"name":"Sushi Sakura Alytus","item":"https:\/\/sushisakura.lt\/en\/alytus\/"},{"@type":"ListItem","position":3,"name":"About us"}]},{"@type":"WebSite","@id":"https:\/\/sushisakura.lt\/#website","url":"https:\/\/sushisakura.lt\/","name":"Sakura Sushi","description":"Japoni\u0161kos virtuv\u0117s restoranas","publisher":{"@id":"https:\/\/sushisakura.lt\/#organization"},"potentialAction":[{"@type":"SearchAction","target":{"@type":"EntryPoint","urlTemplate":"https:\/\/sushisakura.lt\/?s={search_term_string}"},"query-input":{"@type":"PropertyValueSpecification","valueRequired":true,"valueName":"search_term_string"}}],"inLanguage":"en-US"},{"@type":"Organization","@id":"https:\/\/sushisakura.lt\/#organization","name":"Sakura Sushi","url":"https:\/\/sushisakura.lt\/","logo":{"@type":"ImageObject","inLanguage":"en-US","@id":"https:\/\/sushisakura.lt\/#\/schema\/logo\/image\/","url":"https:\/\/sushisakura.lt\/wp-content\/uploads\/2026\/04\/logo.png","contentUrl":"https:\/\/sushisakura.lt\/wp-content\/uploads\/2026\/04\/logo.png","width":1341,"height":447,"caption":"Sakura Sushi"},"image":{"@id":"https:\/\/sushisakura.lt\/#\/schema\/logo\/image\/"}}]}},"_links":{"self":[{"href":"https:\/\/sushisakura.lt\/en\/wp-json\/wp\/v2\/pages\/2614","targetHints":{"allow":["GET"]}}],"collection":[{"href":"https:\/\/sushisakura.lt\/en\/wp-json\/wp\/v2\/pages"}],"about":[{"href":"https:\/\/sushisakura.lt\/en\/wp-json\/wp\/v2\/types\/page"}],"author":[{"embeddable":true,"href":"https:\/\/sushisakura.lt\/en\/wp-json\/wp\/v2\/users\/1"}],"replies":[{"embeddable":true,"href":"https:\/\/sushisakura.lt\/en\/wp-json\/wp\/v2\/comments?post=2614"}],"version-history":[{"count":5,"href":"https:\/\/sushisakura.lt\/en\/wp-json\/wp\/v2\/pages\/2614\/revisions"}],"predecessor-version":[{"id":2703,"href":"https:\/\/sushisakura.lt\/en\/wp-json\/wp\/v2\/pages\/2614\/revisions\/2703"}],"up":[{"embeddable":true,"href":"https:\/\/sushisakura.lt\/en\/wp-json\/wp\/v2\/pages\/2613"}],"wp:attachment":[{"href":"https:\/\/sushisakura.lt\/en\/wp-json\/wp\/v2\/media?parent=2614"}],"curies":[{"name":"wp","href":"https:\/\/api.w.org\/{rel}","templated":true}]}}