{"id":2613,"date":"2026-04-23T09:00:44","date_gmt":"2026-04-23T06:00:44","guid":{"rendered":"https:\/\/sushisakura.lt\/alytus\/"},"modified":"2026-04-23T09:00:44","modified_gmt":"2026-04-23T06:00:44","slug":"alytus","status":"publish","type":"page","link":"https:\/\/sushisakura.lt\/en\/alytus\/","title":{"rendered":"Sushi Sakura Alytus"},"content":{"rendered":"\t\t<div data-elementor-type=\"wp-page\" data-elementor-id=\"2613\" class=\"elementor elementor-2613 elementor-2605\">\n\t\t\t\t<div class=\"elementor-element elementor-element-3a14e75 e-flex e-con-boxed e-con e-parent\" data-id=\"3a14e75\" data-element_type=\"container\" data-e-type=\"container\" data-settings=\"{&quot;background_background&quot;:&quot;classic&quot;}\">\n\t\t\t\t\t<div class=\"e-con-inner\">\n\t\t<div class=\"elementor-element elementor-element-b31876f e-con-full e-flex e-con e-child\" data-id=\"b31876f\" data-element_type=\"container\" data-e-type=\"container\">\n\t\t\t\t<div class=\"elementor-element elementor-element-5a6a64c elementor-widget elementor-widget-heading\" data-id=\"5a6a64c\" data-element_type=\"widget\" data-e-type=\"widget\" data-widget_type=\"heading.default\">\n\t\t\t\t<div class=\"elementor-widget-container\">\n\t\t\t\t\t<h1 class=\"elementor-heading-title elementor-size-default\">Asian kitchen restaurant<\/h1>\t\t\t\t<\/div>\n\t\t\t\t<\/div>\n\t\t\t\t<div class=\"elementor-element elementor-element-d2d2c5a elementor-widget elementor-widget-text-editor\" data-id=\"d2d2c5a\" data-element_type=\"widget\" data-e-type=\"widget\" data-widget_type=\"text-editor.default\">\n\t\t\t\t<div class=\"elementor-widget-container\">\n\t\t\t\t\t\t\t\t\t<p>Alytuje Rotu\u0161\u0117s a. 12A duris atv\u0117r\u0117 nauja vieta \u2013 Sakura Sushi!<\/p>\t\t\t\t\t\t\t\t<\/div>\n\t\t\t\t<\/div>\n\t\t<div class=\"elementor-element elementor-element-8a1fd77 e-flex e-con-boxed e-con e-child\" data-id=\"8a1fd77\" data-element_type=\"container\" data-e-type=\"container\">\n\t\t\t\t\t<div class=\"e-con-inner\">\n\t\t\t\t<div class=\"elementor-element elementor-element-fd2eeac elementor-widget elementor-widget-uael-modal-popup\" data-id=\"fd2eeac\" data-element_type=\"widget\" data-e-type=\"widget\" data-widget_type=\"uael-modal-popup.default\">\n\t\t\t\t<div class=\"elementor-widget-container\">\n\t\t\t\t\t<div id=\"fd2eeac-overlay\" data-trigger-on=\"button\" data-close-on-esc=\"no\" data-close-on-overlay=\"no\" data-exit-intent=\"no\" data-after-sec=\"no\" data-after-sec-val=\"1\" data-cookies=\"no\" data-cookies-days=\"1\" data-cookies-type=\"default\" data-custom=\"\" data-custom-id=\"\" data-content=\"content\" data-autoplay=\"no\" data-device=\"false\" data-async=\"\" data-scroll-direction=\"down\" data-scroll-percentage=\"30\" data-scroll-element=\"\" data-page-views-enabled=\"no\" data-page-views-count=\"3\" data-page-views-scope=\"global\" data-sessions-enabled=\"no\" data-sessions-count=\"2\" class=\"uael-modal-parent-wrapper uael-module-content uamodal-fd2eeac uael-aspect-ratio-16_9 -popup\">\n\t<div id=\"modal-fd2eeac\" class=\"uael-modal uael-center-modal uael-modal-custom uael-modal-content uael-effect-1   uael-aspect-ratio-16_9\">\n\t\t<div class=\"uael-content\">\n\t\t\t\t\t\t<div class=\"uael-modal-title-wrap\">\n\t\t\t\t<h3 class=\"uael-modal-title elementor-inline-editing\" data-elementor-setting-key=\"title\" data-elementor-inline-editing-toolbar=\"basic\">Menu<\/h3>\n\t\t\t<\/div>\n\t\t\t\t\t\t<div class=\"uael-modal-text uael-modal-content-data clearfix\">\n\t\t\t<div class=\"uael-text-editor elementor-inline-editing\" data-elementor-setting-key=\"ct_content\" data-elementor-inline-editing-toolbar=\"advanced\"><p><a href=\"https:\/\/sushisakura.lt\/en\/alytus\/menu\/#snacks\">Snacks<\/a><\/p>\n<p><a href=\"https:\/\/sushisakura.lt\/en\/alytus\/menu\/#main-dishes\">Main dishes<\/a><\/p>\n<p><a href=\"https:\/\/sushisakura.lt\/en\/alytus\/menu\/#chicken-dishes\">Chicken dishes<\/a><\/p>\n<p><a href=\"https:\/\/sushisakura.lt\/en\/alytus\/menu\/#pork-dishes\">Pork dishes<\/a><\/p>\n<p><a href=\"https:\/\/sushisakura.lt\/en\/alytus\/menu\/#sticky-rice\">Fried rice<\/a><\/p>\n<p><a href=\"https:\/\/sushisakura.lt\/en\/alytus\/menu\/#soups\">Soups<\/a><\/p>\n<p><a href=\"https:\/\/sushisakura.lt\/en\/alytus\/menu\/#salads\">Salads<\/a><\/p>\n<p><a href=\"https:\/\/sushisakura.lt\/en\/alytus\/menu\/#wok\">WOK dishes<\/a><\/p>\n<p><a href=\"https:\/\/sushisakura.lt\/en\/alytus\/menu\/#donburi\">Donburi<\/a><\/p>\n<p><a href=\"https:\/\/sushisakura.lt\/en\/alytus\/menu\/#sushi-burgers-dogs\">Sushi burgers \/ dogs<\/a><\/p>\n<p><a href=\"https:\/\/sushisakura.lt\/en\/alytus\/menu\/#nigiri\">Nigiri<\/a><\/p>\n<p><a href=\"https:\/\/sushisakura.lt\/en\/alytus\/menu\/#hoso-maki\">Hoso Maki<\/a><\/p>\n<p><a href=\"https:\/\/sushisakura.lt\/en\/alytus\/menu\/#japanese-maki\">Japanese Maki<\/a><\/p>\n<p><a href=\"https:\/\/sushisakura.lt\/en\/alytus\/menu\/#panko-maki\">Panko Maki<\/a><\/p>\n<p><a href=\"https:\/\/sushisakura.lt\/en\/alytus\/menu\/#uramaki\">Uramaki<\/a><\/p>\n<p><a href=\"https:\/\/sushisakura.lt\/en\/alytus\/menu\/#sets\">Sets<\/a><\/p>\n<\/div>\t\t\t<\/div>\n\t\t<\/div>\n\t<\/div>\n\n\t\n\t\t<span class=\"uael-modal-close uael-close-icon elementor-clickable uael-close-custom-top-right\" >\n\t\t<svg aria-hidden=\"true\" class=\"e-font-icon-svg e-fas-times\" viewBox=\"0 0 352 512\" xmlns=\"http:\/\/www.w3.org\/2000\/svg\"><path d=\"M242.72 256l100.07-100.07c12.28-12.28 12.28-32.19 0-44.48l-22.24-22.24c-12.28-12.28-32.19-12.28-44.48 0L176 189.28 75.93 89.21c-12.28-12.28-32.19-12.28-44.48 0L9.21 111.45c-12.28 12.28-12.28 32.19 0 44.48L109.28 256 9.21 356.07c-12.28 12.28-12.28 32.19 0 44.48l22.24 22.24c12.28 12.28 32.2 12.28 44.48 0L176 322.72l100.07 100.07c12.28 12.28 32.2 12.28 44.48 0l22.24-22.24c12.28-12.28 12.28-32.19 0-44.48L242.72 256z\"><\/path><\/svg>\t\t<\/span>\n\t\t\t<div class=\"uael-overlay\"><\/div>\n<\/div>\n\n<div class=\"uael-modal-action-wrap elementor-widget-button\">\n\t\t\t<div class=\"uael-button-wrapper elementor-align-left\">\n\t\t\t<a href=\"javascript:void(0);\" class=\"uael-trigger elementor-button-link elementor-button elementor-clickable elementor-size-xs\" data-modal=\"fd2eeac\">\n\t\t\t\t\t\t<span class=\"elementor-button-content-wrapper\">\n\n\t\t\t\t\t\t\t\t\t\t\t\t<span class=\"elementor-align-icon-right elementor-button-icon\">\n\t\t\t\t\t\t<svg xmlns=\"http:\/\/www.w3.org\/2000\/svg\" viewBox=\"0 0 24 24\"><path d=\"m15.5 3.5-2 2 5 5.1H0v2.8h18.5l-5 5.1 2 2L24 12z\"><\/path><\/svg>\t\t\t\t\t<\/span>\n\t\t\t\t\t\t\t\t\t\t\t<span class=\"elementor-button-text elementor-inline-editing\" data-elementor-setting-key=\"btn_text\" data-elementor-inline-editing-toolbar=\"none\" >Meniu<\/span>\n\t\t<\/span>\n\t\t\t\t\t<\/a>\n\t\t<\/div>\n\t\t<\/div>\n\t\t\t\t<\/div>\n\t\t\t\t<\/div>\n\t\t\t\t<div class=\"elementor-element elementor-element-a1161e3 elementor-widget elementor-widget-button\" data-id=\"a1161e3\" data-element_type=\"widget\" data-e-type=\"widget\" data-widget_type=\"button.default\">\n\t\t\t\t<div class=\"elementor-widget-container\">\n\t\t\t\t\t\t\t\t\t<div class=\"elementor-button-wrapper\">\n\t\t\t\t\t<a class=\"elementor-button elementor-button-link elementor-size-sm\" href=\"https:\/\/sushisakura.lt\/en\/alytus\/contacts\/\" target=\"_blank\">\n\t\t\t\t\t\t<span class=\"elementor-button-content-wrapper\">\n\t\t\t\t\t\t<span class=\"elementor-button-icon\">\n\t\t\t\t<svg xmlns=\"http:\/\/www.w3.org\/2000\/svg\" viewBox=\"0 0 24 24\"><path d=\"m15.5 3.5-2 2 5 5.1H0v2.8h18.5l-5 5.1 2 2L24 12z\"><\/path><\/svg>\t\t\t<\/span>\n\t\t\t\t\t\t\t\t\t<span class=\"elementor-button-text\">Contacts<\/span>\n\t\t\t\t\t<\/span>\n\t\t\t\t\t<\/a>\n\t\t\t\t<\/div>\n\t\t\t\t\t\t\t\t<\/div>\n\t\t\t\t<\/div>\n\t\t\t\t\t<\/div>\n\t\t\t\t<\/div>\n\t\t\t\t<\/div>\n\t\t\t\t\t<\/div>\n\t\t\t\t<\/div>\n\t\t\t\t<\/div>\n\t\t","protected":false},"excerpt":{"rendered":"<p>Asian kitchen restaurant Alytuje Rotu\u0161\u0117s a. 12A duris atv\u0117r\u0117 nauja vieta \u2013 Sakura Sushi! Menu Snacks Main dishes Chicken dishes Pork dishes Fried rice Soups Salads WOK dishes Donburi Sushi burgers \/ dogs Nigiri Hoso Maki Japanese Maki Panko Maki Uramaki Sets Meniu Contacts<\/p>\n","protected":false},"author":1,"featured_media":0,"parent":0,"menu_order":0,"comment_status":"closed","ping_status":"closed","template":"","meta":{"footnotes":""},"class_list":["post-2613","page","type-page","status-publish","hentry"],"blocksy_meta":{"page_title_panel":"","has_hero_section":"disabled","e7b97b1a3aad83d9462b55d6078b8484":"","hero_section":"type-1","hero_elements":[{"id":"custom_title","enabled":true,"heading_tag":"h1","title":"Home"},{"id":"custom_description","enabled":true,"description_visibility":{"desktop":true,"tablet":true,"mobile":false}},{"id":"custom_meta","enabled":false,"meta_elements":[{"id":"author","enabled":true,"label":"By","has_author_avatar":"yes","avatar_size":25},{"id":"post_date","enabled":true,"label":"On","date_format_source":"default","date_format":"M j, Y"},{"id":"updated_date","enabled":false,"label":"On","date_format_source":"default","date_format":"M j, Y"},{"id":"categories","enabled":false,"label":"In","style":"simple"},{"id":"comments","enabled":true}],"page_meta_elements":{"joined":true,"articles_count":true,"comments":true}},{"id":"breadcrumbs","enabled":false}],"916918034057081c97e6a66cc29f630d":"","hero_alignment1":"CT_CSS_SKIP_RULE","hero_margin":40,"hero_alignment2":"center","hero_vertical_alignment":"center","2efad886623a9344af246a3e50c6cff0":"","hero_structure":"narrow","db48ddfacc50a6206f2dea6db5df19ee":"","page_title_bg_type":"featured_image","custom_hero_background":{"attachment_id":null},"page_title_image_size":"full","parallax":{"desktop":false,"tablet":false,"mobile":false},"e76980d951aad47e967c4b2d1aeb4081":"","hero_height":"250px","pageTitleFont":{"family":"Default","variation":"Default","size":"30px","line-height":"CT_CSS_SKIP_RULE","letter-spacing":"CT_CSS_SKIP_RULE","text-transform":"CT_CSS_SKIP_RULE","text-decoration":"CT_CSS_SKIP_RULE"},"pageTitleFontColor":{"default":{"color":"CT_CSS_SKIP_RULEDEFAULT"}},"pageMetaFont":{"family":"Default","variation":"n6","size":"12px","line-height":"1.3","letter-spacing":"CT_CSS_SKIP_RULE","text-transform":"uppercase","text-decoration":"CT_CSS_SKIP_RULE"},"pageMetaFontColor":{"default":{"color":"CT_CSS_SKIP_RULEDEFAULT"},"hover":{"color":"CT_CSS_SKIP_RULEDEFAULT"}},"page_meta_button_type_font_colors":{"default":{"color":"CT_CSS_SKIP_RULEDEFAULT"},"hover":{"color":"CT_CSS_SKIP_RULEDEFAULT"}},"page_meta_button_type_background_colors":{"default":{"color":"CT_CSS_SKIP_RULEDEFAULT"},"hover":{"color":"CT_CSS_SKIP_RULEDEFAULT"}},"pageExcerptFont":{"family":"Default","variation":"Default","size":"CT_CSS_SKIP_RULE","line-height":"CT_CSS_SKIP_RULE","letter-spacing":"CT_CSS_SKIP_RULE","text-transform":"CT_CSS_SKIP_RULE","text-decoration":"CT_CSS_SKIP_RULE"},"pageExcerptColor":{"default":{"color":"CT_CSS_SKIP_RULEDEFAULT"}},"breadcrumbsFont":{"family":"Default","variation":"Default","size":"CT_CSS_SKIP_RULE","line-height":"CT_CSS_SKIP_RULE","letter-spacing":"CT_CSS_SKIP_RULE","text-transform":"CT_CSS_SKIP_RULE","text-decoration":"CT_CSS_SKIP_RULE"},"breadcrumbsFontColor":{"default":{"color":"CT_CSS_SKIP_RULEDEFAULT"},"initial":{"color":"CT_CSS_SKIP_RULEDEFAULT"},"hover":{"color":"CT_CSS_SKIP_RULEDEFAULT"}},"pageTitleOverlay":{"background_type":"color","background_pattern":"type-1","background_image":{"attachment_id":null,"x":0,"y":0},"gradient":"linear-gradient(135deg,rgba(6,147,227,1) 0%,rgb(155,81,224) 100%)","background_repeat":"repeat","background_size":"auto","background_attachment":"scroll","patternColor":{"default":{"color":"#e5e7ea"}},"overlayColor":{"default":{"color":"CT_CSS_SKIP_RULE"}},"backgroundColor":{"default":{"color":"CT_CSS_SKIP_RULE"}}},"pageTitleBackground":{"background_type":"color","background_pattern":"type-1","background_image":{"attachment_id":null,"x":0,"y":0},"gradient":"linear-gradient(135deg,rgba(6,147,227,1) 0%,rgb(155,81,224) 100%)","background_repeat":"repeat","background_size":"auto","background_attachment":"scroll","patternColor":{"default":{"color":"#e5e7ea"}},"overlayColor":{"default":{"color":"CT_CSS_SKIP_RULE"}},"backgroundColor":{"default":{"color":"var(--theme-palette-color-6)"}}},"pageTitlePadding":{"top":"50px","bottom":"50px","left":"auto","right":"auto","linked":true},"bc8c4b3ec50a5ad984bf5ab1a3e4f9d2":"","page_structure_type":"default","fcf870dc32d9d98224586db08da54c69":"","content_style_source":"inherit","content_style":"wide","vertical_spacing_source":"custom","content_area_spacing":"none","background":{"background_type":"color","background_pattern":"type-1","background_image":{"attachment_id":null,"x":0,"y":0},"gradient":"linear-gradient(135deg,rgba(6,147,227,1) 0%,rgb(155,81,224) 100%)","background_repeat":"repeat","background_size":"auto","background_attachment":"scroll","patternColor":{"default":{"color":"#e5e7ea"}},"overlayColor":{"default":{"color":"CT_CSS_SKIP_RULE"}},"backgroundColor":{"default":{"color":"CT_CSS_SKIP_RULE"}}},"content_background":{"background_type":"color","background_pattern":"type-1","background_image":{"attachment_id":null,"x":0,"y":0},"gradient":"linear-gradient(135deg,rgba(6,147,227,1) 0%,rgb(155,81,224) 100%)","background_repeat":"repeat","background_size":"auto","background_attachment":"scroll","patternColor":{"default":{"color":"#e5e7ea"}},"overlayColor":{"default":{"color":"CT_CSS_SKIP_RULE"}},"backgroundColor":{"default":{"color":"var(--theme-palette-color-8)"}}},"content_boxed_shadow":{"inherit":false,"blur":18,"spread":-6,"v_offset":12,"h_offset":0,"inset":false,"enable":true,"color":{"color":"rgba(34, 56, 101, 0.04)"}},"content_boxed_border":{"width":1,"style":"none","color":{"color":"rgba(44,62,80,0.2)"}},"content_boxed_radius":{"top":"3px","bottom":"3px","left":"3px","right":"3px","linked":true},"boxed_content_spacing":{"desktop":{"top":"40px","bottom":"40px","left":"40px","right":"40px","linked":true},"tablet":{"top":"35px","bottom":"35px","left":"35px","right":"35px","linked":true},"mobile":{"top":"20px","bottom":"20px","left":"20px","right":"20px","linked":true}},"6fe224ccfae93f27bad3dd15ef2ce1dd":"","disable_featured_image":"no","disable_share_box":"no","disable_header":"no","disable_footer":"no","styles_descriptor":{"styles":{"desktop":"","tablet":"","mobile":""},"google_fonts":[],"version":6}},"yoast_head":"<!-- This site is optimized with the Yoast SEO plugin v27.4 - https:\/\/yoast.com\/product\/yoast-seo-wordpress\/ -->\n<title>Sushi Jonavoje - Sakura Sushi japoni\u0161kos virtuv\u0117s restoranas<\/title>\n<meta name=\"description\" content=\"Sushi Jonavoje - m\u0117gaukit\u0117s tikra japoni\u0161kos virtuv\u0117s patirtimi Sushi Sakura restorane. U\u017esisakykite dabar ir patirkite Japonijos skoni\u0173 \u012fvairov\u0119!\" \/>\n<meta name=\"robots\" content=\"index, follow, max-snippet:-1, max-image-preview:large, max-video-preview:-1\" \/>\n<link rel=\"canonical\" href=\"https:\/\/sushisakura.lt\/en\/alytus\/\" \/>\n<meta property=\"og:locale\" content=\"en_US\" \/>\n<meta property=\"og:type\" content=\"article\" \/>\n<meta property=\"og:title\" content=\"Sushi Jonavoje - Sakura Sushi japoni\u0161kos virtuv\u0117s restoranas\" \/>\n<meta property=\"og:description\" content=\"Sushi Jonavoje - m\u0117gaukit\u0117s tikra japoni\u0161kos virtuv\u0117s patirtimi Sushi Sakura restorane. U\u017esisakykite dabar ir patirkite Japonijos skoni\u0173 \u012fvairov\u0119!\" \/>\n<meta property=\"og:url\" content=\"https:\/\/sushisakura.lt\/en\/alytus\/\" \/>\n<meta property=\"og:site_name\" content=\"Sakura Sushi\" \/>\n<meta name=\"twitter:card\" content=\"summary_large_image\" \/>\n<meta name=\"twitter:label1\" content=\"Est. reading time\" \/>\n\t<meta name=\"twitter:data1\" content=\"1 minute\" \/>\n<script type=\"application\/ld+json\" class=\"yoast-schema-graph\">{\"@context\":\"https:\\\/\\\/schema.org\",\"@graph\":[{\"@type\":\"WebPage\",\"@id\":\"https:\\\/\\\/sushisakura.lt\\\/en\\\/alytus\\\/\",\"url\":\"https:\\\/\\\/sushisakura.lt\\\/en\\\/alytus\\\/\",\"name\":\"Sushi Jonavoje - Sakura Sushi japoni\u0161kos virtuv\u0117s restoranas\",\"isPartOf\":{\"@id\":\"https:\\\/\\\/sushisakura.lt\\\/#website\"},\"datePublished\":\"2026-04-23T06:00:44+00:00\",\"description\":\"Sushi Jonavoje - m\u0117gaukit\u0117s tikra japoni\u0161kos virtuv\u0117s patirtimi Sushi Sakura restorane. U\u017esisakykite dabar ir patirkite Japonijos skoni\u0173 \u012fvairov\u0119!\",\"breadcrumb\":{\"@id\":\"https:\\\/\\\/sushisakura.lt\\\/en\\\/alytus\\\/#breadcrumb\"},\"inLanguage\":\"en-US\",\"potentialAction\":[{\"@type\":\"ReadAction\",\"target\":[\"https:\\\/\\\/sushisakura.lt\\\/en\\\/alytus\\\/\"]}]},{\"@type\":\"BreadcrumbList\",\"@id\":\"https:\\\/\\\/sushisakura.lt\\\/en\\\/alytus\\\/#breadcrumb\",\"itemListElement\":[{\"@type\":\"ListItem\",\"position\":1,\"name\":\"Home\",\"item\":\"https:\\\/\\\/sushisakura.lt\\\/en\\\/\"},{\"@type\":\"ListItem\",\"position\":2,\"name\":\"Sushi Sakura Alytus\"}]},{\"@type\":\"WebSite\",\"@id\":\"https:\\\/\\\/sushisakura.lt\\\/#website\",\"url\":\"https:\\\/\\\/sushisakura.lt\\\/\",\"name\":\"Sakura Sushi\",\"description\":\"Japoni\u0161kos virtuv\u0117s restoranas\",\"publisher\":{\"@id\":\"https:\\\/\\\/sushisakura.lt\\\/#organization\"},\"potentialAction\":[{\"@type\":\"SearchAction\",\"target\":{\"@type\":\"EntryPoint\",\"urlTemplate\":\"https:\\\/\\\/sushisakura.lt\\\/?s={search_term_string}\"},\"query-input\":{\"@type\":\"PropertyValueSpecification\",\"valueRequired\":true,\"valueName\":\"search_term_string\"}}],\"inLanguage\":\"en-US\"},{\"@type\":\"Organization\",\"@id\":\"https:\\\/\\\/sushisakura.lt\\\/#organization\",\"name\":\"Sakura Sushi\",\"url\":\"https:\\\/\\\/sushisakura.lt\\\/\",\"logo\":{\"@type\":\"ImageObject\",\"inLanguage\":\"en-US\",\"@id\":\"https:\\\/\\\/sushisakura.lt\\\/#\\\/schema\\\/logo\\\/image\\\/\",\"url\":\"https:\\\/\\\/sushisakura.lt\\\/wp-content\\\/uploads\\\/2026\\\/04\\\/logo.png\",\"contentUrl\":\"https:\\\/\\\/sushisakura.lt\\\/wp-content\\\/uploads\\\/2026\\\/04\\\/logo.png\",\"width\":1341,\"height\":447,\"caption\":\"Sakura Sushi\"},\"image\":{\"@id\":\"https:\\\/\\\/sushisakura.lt\\\/#\\\/schema\\\/logo\\\/image\\\/\"}}]}<\/script>\n<!-- \/ Yoast SEO plugin. -->","yoast_head_json":{"title":"Sushi Jonavoje - Sakura Sushi japoni\u0161kos virtuv\u0117s restoranas","description":"Sushi Jonavoje - m\u0117gaukit\u0117s tikra japoni\u0161kos virtuv\u0117s patirtimi Sushi Sakura restorane. U\u017esisakykite dabar ir patirkite Japonijos skoni\u0173 \u012fvairov\u0119!","robots":{"index":"index","follow":"follow","max-snippet":"max-snippet:-1","max-image-preview":"max-image-preview:large","max-video-preview":"max-video-preview:-1"},"canonical":"https:\/\/sushisakura.lt\/en\/alytus\/","og_locale":"en_US","og_type":"article","og_title":"Sushi Jonavoje - Sakura Sushi japoni\u0161kos virtuv\u0117s restoranas","og_description":"Sushi Jonavoje - m\u0117gaukit\u0117s tikra japoni\u0161kos virtuv\u0117s patirtimi Sushi Sakura restorane. U\u017esisakykite dabar ir patirkite Japonijos skoni\u0173 \u012fvairov\u0119!","og_url":"https:\/\/sushisakura.lt\/en\/alytus\/","og_site_name":"Sakura Sushi","twitter_card":"summary_large_image","twitter_misc":{"Est. reading time":"1 minute"},"schema":{"@context":"https:\/\/schema.org","@graph":[{"@type":"WebPage","@id":"https:\/\/sushisakura.lt\/en\/alytus\/","url":"https:\/\/sushisakura.lt\/en\/alytus\/","name":"Sushi Jonavoje - Sakura Sushi japoni\u0161kos virtuv\u0117s restoranas","isPartOf":{"@id":"https:\/\/sushisakura.lt\/#website"},"datePublished":"2026-04-23T06:00:44+00:00","description":"Sushi Jonavoje - m\u0117gaukit\u0117s tikra japoni\u0161kos virtuv\u0117s patirtimi Sushi Sakura restorane. U\u017esisakykite dabar ir patirkite Japonijos skoni\u0173 \u012fvairov\u0119!","breadcrumb":{"@id":"https:\/\/sushisakura.lt\/en\/alytus\/#breadcrumb"},"inLanguage":"en-US","potentialAction":[{"@type":"ReadAction","target":["https:\/\/sushisakura.lt\/en\/alytus\/"]}]},{"@type":"BreadcrumbList","@id":"https:\/\/sushisakura.lt\/en\/alytus\/#breadcrumb","itemListElement":[{"@type":"ListItem","position":1,"name":"Home","item":"https:\/\/sushisakura.lt\/en\/"},{"@type":"ListItem","position":2,"name":"Sushi Sakura Alytus"}]},{"@type":"WebSite","@id":"https:\/\/sushisakura.lt\/#website","url":"https:\/\/sushisakura.lt\/","name":"Sakura Sushi","description":"Japoni\u0161kos virtuv\u0117s restoranas","publisher":{"@id":"https:\/\/sushisakura.lt\/#organization"},"potentialAction":[{"@type":"SearchAction","target":{"@type":"EntryPoint","urlTemplate":"https:\/\/sushisakura.lt\/?s={search_term_string}"},"query-input":{"@type":"PropertyValueSpecification","valueRequired":true,"valueName":"search_term_string"}}],"inLanguage":"en-US"},{"@type":"Organization","@id":"https:\/\/sushisakura.lt\/#organization","name":"Sakura Sushi","url":"https:\/\/sushisakura.lt\/","logo":{"@type":"ImageObject","inLanguage":"en-US","@id":"https:\/\/sushisakura.lt\/#\/schema\/logo\/image\/","url":"https:\/\/sushisakura.lt\/wp-content\/uploads\/2026\/04\/logo.png","contentUrl":"https:\/\/sushisakura.lt\/wp-content\/uploads\/2026\/04\/logo.png","width":1341,"height":447,"caption":"Sakura Sushi"},"image":{"@id":"https:\/\/sushisakura.lt\/#\/schema\/logo\/image\/"}}]}},"_links":{"self":[{"href":"https:\/\/sushisakura.lt\/en\/wp-json\/wp\/v2\/pages\/2613","targetHints":{"allow":["GET"]}}],"collection":[{"href":"https:\/\/sushisakura.lt\/en\/wp-json\/wp\/v2\/pages"}],"about":[{"href":"https:\/\/sushisakura.lt\/en\/wp-json\/wp\/v2\/types\/page"}],"author":[{"embeddable":true,"href":"https:\/\/sushisakura.lt\/en\/wp-json\/wp\/v2\/users\/1"}],"replies":[{"embeddable":true,"href":"https:\/\/sushisakura.lt\/en\/wp-json\/wp\/v2\/comments?post=2613"}],"version-history":[{"count":22,"href":"https:\/\/sushisakura.lt\/en\/wp-json\/wp\/v2\/pages\/2613\/revisions"}],"predecessor-version":[{"id":2938,"href":"https:\/\/sushisakura.lt\/en\/wp-json\/wp\/v2\/pages\/2613\/revisions\/2938"}],"wp:attachment":[{"href":"https:\/\/sushisakura.lt\/en\/wp-json\/wp\/v2\/media?parent=2613"}],"curies":[{"name":"wp","href":"https:\/\/api.w.org\/{rel}","templated":true}]}}